{"id":30,"date":"2020-07-13T11:51:51","date_gmt":"2020-07-13T09:51:51","guid":{"rendered":"https:\/\/praxis-backhaus.de\/wordpress\/supervision-und-weiterbildung\/"},"modified":"2021-07-28T15:40:09","modified_gmt":"2021-07-28T13:40:09","slug":"supervision-und-weiterbildung","status":"publish","type":"page","link":"https:\/\/praxis-backhaus.de\/wordpress\/supervision-und-weiterbildung\/","title":{"rendered":"Supervision und Weiterbildung"},"content":{"rendered":"\t\t<div data-elementor-type=\"wp-page\" data-elementor-id=\"30\" class=\"elementor elementor-30\" data-elementor-post-type=\"page\">\n\t\t\t\t\t\t<section class=\"ob-is-breaking-bad elementor-section elementor-top-section elementor-element elementor-element-ae266b3 elementor-section-boxed elementor-section-height-default elementor-section-height-default elementor-invisible\" data-id=\"ae266b3\" data-element_type=\"section\" data-e-type=\"section\" data-settings=\"{&quot;animation&quot;:&quot;fadeIn&quot;,&quot;animation_delay&quot;:500,&quot;_ob_bbad_use_it&quot;:&quot;yes&quot;,&quot;_ob_bbad_sssic_use&quot;:&quot;no&quot;,&quot;_ob_glider_is_slider&quot;:&quot;no&quot;}\">\n\t\t\t\t\t\t<div class=\"elementor-container elementor-column-gap-default\">\n\t\t\t\t\t<div class=\"elementor-column elementor-col-100 elementor-top-column elementor-element elementor-element-1de2c6d\" data-id=\"1de2c6d\" data-element_type=\"column\" data-e-type=\"column\" data-settings=\"{&quot;_ob_bbad_is_stalker&quot;:&quot;no&quot;,&quot;_ob_teleporter_use&quot;:false,&quot;_ob_column_hoveranimator&quot;:&quot;no&quot;,&quot;_ob_column_has_pseudo&quot;:&quot;no&quot;}\">\n\t\t\t<div class=\"elementor-widget-wrap elementor-element-populated\">\n\t\t\t\t\t\t<div class=\"elementor-element elementor-element-0430f36 ob-harakiri-inherit ob-has-background-overlay elementor-widget elementor-widget-heading\" data-id=\"0430f36\" data-element_type=\"widget\" data-e-type=\"widget\" data-settings=\"{&quot;_ob_use_harakiri&quot;:&quot;yes&quot;,&quot;_ob_harakiri_writing_mode&quot;:&quot;inherit&quot;,&quot;_ob_harakiri_text_clip&quot;:&quot;none&quot;,&quot;_ob_perspektive_use&quot;:&quot;no&quot;,&quot;_ob_poopart_use&quot;:&quot;yes&quot;,&quot;_ob_shadough_use&quot;:&quot;no&quot;,&quot;_ob_allow_hoveranimator&quot;:&quot;no&quot;,&quot;_ob_widget_stalker_use&quot;:&quot;no&quot;}\" data-widget_type=\"heading.default\">\n\t\t\t\t<div class=\"elementor-widget-container\">\n\t\t\t\t\t<h2 class=\"elementor-heading-title elementor-size-default\">Supervision und Weiterbildung<\/h2>\t\t\t\t<\/div>\n\t\t\t\t<\/div>\n\t\t\t\t<div class=\"elementor-element elementor-element-9af3d2b elementor-grid-3 elementor-grid-tablet-2 elementor-grid-mobile-1 elementor-posts--thumbnail-top ob-has-background-overlay elementor-widget elementor-widget-posts\" data-id=\"9af3d2b\" data-element_type=\"widget\" data-e-type=\"widget\" data-settings=\"{&quot;classic_columns&quot;:&quot;3&quot;,&quot;classic_columns_tablet&quot;:&quot;2&quot;,&quot;classic_columns_mobile&quot;:&quot;1&quot;,&quot;classic_row_gap&quot;:{&quot;unit&quot;:&quot;px&quot;,&quot;size&quot;:35,&quot;sizes&quot;:[]},&quot;classic_row_gap_tablet&quot;:{&quot;unit&quot;:&quot;px&quot;,&quot;size&quot;:&quot;&quot;,&quot;sizes&quot;:[]},&quot;classic_row_gap_mobile&quot;:{&quot;unit&quot;:&quot;px&quot;,&quot;size&quot;:&quot;&quot;,&quot;sizes&quot;:[]},&quot;_ob_perspektive_use&quot;:&quot;no&quot;,&quot;_ob_poopart_use&quot;:&quot;yes&quot;,&quot;_ob_shadough_use&quot;:&quot;no&quot;,&quot;_ob_allow_hoveranimator&quot;:&quot;no&quot;,&quot;_ob_widget_stalker_use&quot;:&quot;no&quot;}\" data-widget_type=\"posts.classic\">\n\t\t\t\t<div class=\"elementor-widget-container\">\n\t\t\t\t\t\t\t<div class=\"elementor-posts-container elementor-posts elementor-posts--skin-classic elementor-grid\" role=\"list\">\n\t\t\t\t<article class=\"elementor-post elementor-grid-item post-152 post type-post status-publish format-standard has-post-thumbnail hentry category-supervision-und-weiterbildung\" role=\"listitem\">\n\t\t\t\t<a class=\"elementor-post__thumbnail__link\" href=\"https:\/\/praxis-backhaus.de\/wordpress\/verschiedene-themenbereiche\/\" tabindex=\"-1\" >\n\t\t\t<div class=\"elementor-post__thumbnail\"><img fetchpriority=\"high\" decoding=\"async\" width=\"300\" height=\"226\" src=\"https:\/\/praxis-backhaus.de\/wordpress\/wp-content\/uploads\/2020\/07\/themenbereiche-300x226.jpg\" class=\"attachment-medium size-medium wp-image-324\" alt=\"\" srcset=\"https:\/\/praxis-backhaus.de\/wordpress\/wp-content\/uploads\/2020\/07\/themenbereiche-300x226.jpg 300w, https:\/\/praxis-backhaus.de\/wordpress\/wp-content\/uploads\/2020\/07\/themenbereiche.jpg 640w\" sizes=\"(max-width: 300px) 100vw, 300px\" \/><\/div>\n\t\t<\/a>\n\t\t\t\t<div class=\"elementor-post__text\">\n\t\t\t\t<h2 class=\"elementor-post__title\">\n\t\t\t<a href=\"https:\/\/praxis-backhaus.de\/wordpress\/verschiedene-themenbereiche\/\" >\n\t\t\t\tVerschiedene Themenbereiche\t\t\t<\/a>\n\t\t<\/h2>\n\t\t\t\t<div class=\"elementor-post__excerpt\">\n\t\t\t<p>Ich biete Fall- und Teamsupervision f\u00fcr verschiedene Arbeitsfelder an. Der Schwerpunkt liegt hier im sozialen Bereich. Ich unterst\u00fctze Sie auf<\/p>\n\t\t<\/div>\n\t\t\n\t\t<a class=\"elementor-post__read-more\" href=\"https:\/\/praxis-backhaus.de\/wordpress\/verschiedene-themenbereiche\/\" aria-label=\"Mehr \u00fcber Verschiedene Themenbereiche\" tabindex=\"-1\" >\n\t\t\tweiterlesen \u00bb\t\t<\/a>\n\n\t\t\t\t<\/div>\n\t\t\t\t<\/article>\n\t\t\t\t<article class=\"elementor-post elementor-grid-item post-157 post type-post status-publish format-standard has-post-thumbnail hentry category-supervision-und-weiterbildung\" role=\"listitem\">\n\t\t\t\t<a class=\"elementor-post__thumbnail__link\" href=\"https:\/\/praxis-backhaus.de\/wordpress\/hochbegabung\/\" tabindex=\"-1\" >\n\t\t\t<div class=\"elementor-post__thumbnail\"><img decoding=\"async\" width=\"300\" height=\"225\" src=\"https:\/\/praxis-backhaus.de\/wordpress\/wp-content\/uploads\/2020\/07\/katzefisch-300x225.jpg\" class=\"attachment-medium size-medium wp-image-1228\" alt=\"\" srcset=\"https:\/\/praxis-backhaus.de\/wordpress\/wp-content\/uploads\/2020\/07\/katzefisch-300x225.jpg 300w, https:\/\/praxis-backhaus.de\/wordpress\/wp-content\/uploads\/2020\/07\/katzefisch.jpg 334w\" sizes=\"(max-width: 300px) 100vw, 300px\" \/><\/div>\n\t\t<\/a>\n\t\t\t\t<div class=\"elementor-post__text\">\n\t\t\t\t<h2 class=\"elementor-post__title\">\n\t\t\t<a href=\"https:\/\/praxis-backhaus.de\/wordpress\/hochbegabung\/\" >\n\t\t\t\tHochbegabung\t\t\t<\/a>\n\t\t<\/h2>\n\t\t\t\t<div class=\"elementor-post__excerpt\">\n\t\t\t<p>Unterst\u00fctzung bei Schwierigkeiten im Zusammenhang mit intellektueller Hochbegabung Jedes Kind kommt bereits mit besonderen Veranlagungen und Begabungen zur Welt, wie<\/p>\n\t\t<\/div>\n\t\t\n\t\t<a class=\"elementor-post__read-more\" href=\"https:\/\/praxis-backhaus.de\/wordpress\/hochbegabung\/\" aria-label=\"Mehr \u00fcber Hochbegabung\" tabindex=\"-1\" >\n\t\t\tweiterlesen \u00bb\t\t<\/a>\n\n\t\t\t\t<\/div>\n\t\t\t\t<\/article>\n\t\t\t\t<article class=\"elementor-post elementor-grid-item post-159 post type-post status-publish format-standard has-post-thumbnail hentry category-supervision-und-weiterbildung\" role=\"listitem\">\n\t\t\t\t<a class=\"elementor-post__thumbnail__link\" href=\"https:\/\/praxis-backhaus.de\/wordpress\/trennung-und-scheidung\/\" tabindex=\"-1\" >\n\t\t\t<div class=\"elementor-post__thumbnail\"><img decoding=\"async\" width=\"300\" height=\"225\" src=\"https:\/\/praxis-backhaus.de\/wordpress\/wp-content\/uploads\/2020\/07\/trennung-300x225.jpg\" class=\"attachment-medium size-medium wp-image-1227\" alt=\"\" srcset=\"https:\/\/praxis-backhaus.de\/wordpress\/wp-content\/uploads\/2020\/07\/trennung-300x225.jpg 300w, https:\/\/praxis-backhaus.de\/wordpress\/wp-content\/uploads\/2020\/07\/trennung-768x576.jpg 768w, https:\/\/praxis-backhaus.de\/wordpress\/wp-content\/uploads\/2020\/07\/trennung.jpg 800w\" sizes=\"(max-width: 300px) 100vw, 300px\" \/><\/div>\n\t\t<\/a>\n\t\t\t\t<div class=\"elementor-post__text\">\n\t\t\t\t<h2 class=\"elementor-post__title\">\n\t\t\t<a href=\"https:\/\/praxis-backhaus.de\/wordpress\/trennung-und-scheidung\/\" >\n\t\t\t\tTrennung und Scheidung\t\t\t<\/a>\n\t\t<\/h2>\n\t\t\t\t<div class=\"elementor-post__excerpt\">\n\t\t\t<p>Eine Trennung oder Scheidung stellt f\u00fcr alle Beteiligten eine au\u00dfergew\u00f6hnliche Belastung dar. Ein Lebensereignis, dass man sich so nicht gew\u00fcnscht<\/p>\n\t\t<\/div>\n\t\t\n\t\t<a class=\"elementor-post__read-more\" href=\"https:\/\/praxis-backhaus.de\/wordpress\/trennung-und-scheidung\/\" aria-label=\"Mehr \u00fcber Trennung und Scheidung\" tabindex=\"-1\" >\n\t\t\tweiterlesen \u00bb\t\t<\/a>\n\n\t\t\t\t<\/div>\n\t\t\t\t<\/article>\n\t\t\t\t<\/div>\n\t\t\n\t\t\t\t\t\t<\/div>\n\t\t\t\t<\/div>\n\t\t\t\t\t<\/div>\n\t\t<\/div>\n\t\t\t\t\t<\/div>\n\t\t<\/section>\n\t\t\t\t<\/div>\n\t\t","protected":false},"excerpt":{"rendered":"","protected":false},"author":1,"featured_media":0,"parent":0,"menu_order":4,"comment_status":"closed","ping_status":"closed","template":"","meta":{"footnotes":""},"class_list":["post-30","page","type-page","status-publish","hentry"],"_links":{"self":[{"href":"https:\/\/praxis-backhaus.de\/wordpress\/wp-json\/wp\/v2\/pages\/30","targetHints":{"allow":["GET"]}}],"collection":[{"href":"https:\/\/praxis-backhaus.de\/wordpress\/wp-json\/wp\/v2\/pages"}],"about":[{"href":"https:\/\/praxis-backhaus.de\/wordpress\/wp-json\/wp\/v2\/types\/page"}],"author":[{"embeddable":true,"href":"https:\/\/praxis-backhaus.de\/wordpress\/wp-json\/wp\/v2\/users\/1"}],"replies":[{"embeddable":true,"href":"https:\/\/praxis-backhaus.de\/wordpress\/wp-json\/wp\/v2\/comments?post=30"}],"version-history":[{"count":28,"href":"https:\/\/praxis-backhaus.de\/wordpress\/wp-json\/wp\/v2\/pages\/30\/revisions"}],"predecessor-version":[{"id":1326,"href":"https:\/\/praxis-backhaus.de\/wordpress\/wp-json\/wp\/v2\/pages\/30\/revisions\/1326"}],"wp:attachment":[{"href":"https:\/\/praxis-backhaus.de\/wordpress\/wp-json\/wp\/v2\/media?parent=30"}],"curies":[{"name":"wp","href":"https:\/\/api.w.org\/{rel}","templated":true}]}}