{"id":1367,"date":"2021-07-29T19:45:53","date_gmt":"2021-07-29T17:45:53","guid":{"rendered":"https:\/\/praxis-backhaus.de\/wordpress\/?page_id=1367"},"modified":"2021-07-29T19:48:28","modified_gmt":"2021-07-29T17:48:28","slug":"weitere-infos","status":"publish","type":"page","link":"https:\/\/praxis-backhaus.de\/wordpress\/weitere-infos\/","title":{"rendered":"Weitere Infos"},"content":{"rendered":"\t\t<div data-elementor-type=\"wp-page\" data-elementor-id=\"1367\" class=\"elementor elementor-1367\" data-elementor-post-type=\"page\">\n\t\t\t\t\t\t<section class=\"ob-is-breaking-bad elementor-section elementor-top-section elementor-element elementor-element-60b4556 elementor-section-boxed elementor-section-height-default elementor-section-height-default elementor-invisible\" data-id=\"60b4556\" data-element_type=\"section\" data-e-type=\"section\" data-settings=\"{&quot;animation&quot;:&quot;fadeIn&quot;,&quot;animation_delay&quot;:500,&quot;_ob_bbad_use_it&quot;:&quot;yes&quot;,&quot;_ob_bbad_sssic_use&quot;:&quot;no&quot;,&quot;_ob_glider_is_slider&quot;:&quot;no&quot;}\">\n\t\t\t\t\t\t<div class=\"elementor-container elementor-column-gap-default\">\n\t\t\t\t\t<div class=\"elementor-column elementor-col-100 elementor-top-column elementor-element elementor-element-a24c32c\" data-id=\"a24c32c\" data-element_type=\"column\" data-e-type=\"column\" data-settings=\"{&quot;_ob_bbad_is_stalker&quot;:&quot;no&quot;,&quot;_ob_teleporter_use&quot;:false,&quot;_ob_column_hoveranimator&quot;:&quot;no&quot;,&quot;_ob_column_has_pseudo&quot;:&quot;no&quot;}\">\n\t\t\t<div class=\"elementor-widget-wrap elementor-element-populated\">\n\t\t\t\t\t\t<div class=\"elementor-element elementor-element-e0756c4 ob-harakiri-inherit ob-has-background-overlay elementor-widget elementor-widget-heading\" data-id=\"e0756c4\" data-element_type=\"widget\" data-e-type=\"widget\" data-settings=\"{&quot;_ob_use_harakiri&quot;:&quot;yes&quot;,&quot;_ob_harakiri_writing_mode&quot;:&quot;inherit&quot;,&quot;_ob_harakiri_text_clip&quot;:&quot;none&quot;,&quot;_ob_perspektive_use&quot;:&quot;no&quot;,&quot;_ob_poopart_use&quot;:&quot;yes&quot;,&quot;_ob_shadough_use&quot;:&quot;no&quot;,&quot;_ob_allow_hoveranimator&quot;:&quot;no&quot;,&quot;_ob_widget_stalker_use&quot;:&quot;no&quot;}\" data-widget_type=\"heading.default\">\n\t\t\t\t<div class=\"elementor-widget-container\">\n\t\t\t\t\t<h2 class=\"elementor-heading-title elementor-size-default\">Weitere Infos<\/h2>\t\t\t\t<\/div>\n\t\t\t\t<\/div>\n\t\t\t\t<div class=\"elementor-element elementor-element-8ccfed9 elementor-grid-4 elementor-grid-tablet-2 elementor-grid-mobile-1 elementor-posts--thumbnail-top ob-has-background-overlay elementor-widget elementor-widget-posts\" data-id=\"8ccfed9\" data-element_type=\"widget\" data-e-type=\"widget\" data-settings=\"{&quot;classic_columns&quot;:&quot;4&quot;,&quot;classic_columns_tablet&quot;:&quot;2&quot;,&quot;classic_columns_mobile&quot;:&quot;1&quot;,&quot;classic_row_gap&quot;:{&quot;unit&quot;:&quot;px&quot;,&quot;size&quot;:35,&quot;sizes&quot;:[]},&quot;classic_row_gap_tablet&quot;:{&quot;unit&quot;:&quot;px&quot;,&quot;size&quot;:&quot;&quot;,&quot;sizes&quot;:[]},&quot;classic_row_gap_mobile&quot;:{&quot;unit&quot;:&quot;px&quot;,&quot;size&quot;:&quot;&quot;,&quot;sizes&quot;:[]},&quot;_ob_perspektive_use&quot;:&quot;no&quot;,&quot;_ob_poopart_use&quot;:&quot;yes&quot;,&quot;_ob_shadough_use&quot;:&quot;no&quot;,&quot;_ob_allow_hoveranimator&quot;:&quot;no&quot;,&quot;_ob_widget_stalker_use&quot;:&quot;no&quot;}\" data-widget_type=\"posts.classic\">\n\t\t\t\t<div class=\"elementor-widget-container\">\n\t\t\t\t\t\t\t<div class=\"elementor-posts-container elementor-posts elementor-posts--skin-classic elementor-grid\" role=\"list\">\n\t\t\t\t<article class=\"elementor-post elementor-grid-item post-31 post type-post status-publish format-standard has-post-thumbnail hentry category-weitere-infos\" role=\"listitem\">\n\t\t\t\t<a class=\"elementor-post__thumbnail__link\" href=\"https:\/\/praxis-backhaus.de\/wordpress\/arbeitsansatz-und-methoden\/\" tabindex=\"-1\" >\n\t\t\t<div class=\"elementor-post__thumbnail\"><img fetchpriority=\"high\" decoding=\"async\" width=\"300\" height=\"199\" src=\"https:\/\/praxis-backhaus.de\/wordpress\/wp-content\/uploads\/2021\/03\/shutterstock_198963587-300x199.jpg\" class=\"attachment-medium size-medium wp-image-536\" alt=\"\" srcset=\"https:\/\/praxis-backhaus.de\/wordpress\/wp-content\/uploads\/2021\/03\/shutterstock_198963587-300x199.jpg 300w, https:\/\/praxis-backhaus.de\/wordpress\/wp-content\/uploads\/2021\/03\/shutterstock_198963587-1024x678.jpg 1024w, https:\/\/praxis-backhaus.de\/wordpress\/wp-content\/uploads\/2021\/03\/shutterstock_198963587-768x509.jpg 768w, https:\/\/praxis-backhaus.de\/wordpress\/wp-content\/uploads\/2021\/03\/shutterstock_198963587.jpg 1208w\" sizes=\"(max-width: 300px) 100vw, 300px\" \/><\/div>\n\t\t<\/a>\n\t\t\t\t<div class=\"elementor-post__text\">\n\t\t\t\t<h2 class=\"elementor-post__title\">\n\t\t\t<a href=\"https:\/\/praxis-backhaus.de\/wordpress\/arbeitsansatz-und-methoden\/\" >\n\t\t\t\tArbeitsansatz und Methoden\t\t\t<\/a>\n\t\t<\/h2>\n\t\t\t\t<div class=\"elementor-post__excerpt\">\n\t\t\t<p>Ich verwende vorrangig Methoden aus der System- und Hypnosetherapie, dem NLP (neurolinguistic programming), der imaginativen Traumatherapie sowie des EFT (emotional<\/p>\n\t\t<\/div>\n\t\t\n\t\t<a class=\"elementor-post__read-more\" href=\"https:\/\/praxis-backhaus.de\/wordpress\/arbeitsansatz-und-methoden\/\" aria-label=\"Mehr \u00fcber Arbeitsansatz und Methoden\" tabindex=\"-1\" >\n\t\t\tweiterlesen \u00bb\t\t<\/a>\n\n\t\t\t\t<\/div>\n\t\t\t\t<\/article>\n\t\t\t\t<article class=\"elementor-post elementor-grid-item post-32 post type-post status-publish format-standard has-post-thumbnail hentry category-weitere-infos\" role=\"listitem\">\n\t\t\t\t<a class=\"elementor-post__thumbnail__link\" href=\"https:\/\/praxis-backhaus.de\/wordpress\/kosten\/\" tabindex=\"-1\" >\n\t\t\t<div class=\"elementor-post__thumbnail\"><img decoding=\"async\" width=\"300\" height=\"234\" src=\"https:\/\/praxis-backhaus.de\/wordpress\/wp-content\/uploads\/2020\/12\/feder-300x234.jpg\" class=\"attachment-medium size-medium wp-image-400\" alt=\"\" srcset=\"https:\/\/praxis-backhaus.de\/wordpress\/wp-content\/uploads\/2020\/12\/feder-300x234.jpg 300w, https:\/\/praxis-backhaus.de\/wordpress\/wp-content\/uploads\/2020\/12\/feder.jpg 640w\" sizes=\"(max-width: 300px) 100vw, 300px\" \/><\/div>\n\t\t<\/a>\n\t\t\t\t<div class=\"elementor-post__text\">\n\t\t\t\t<h2 class=\"elementor-post__title\">\n\t\t\t<a href=\"https:\/\/praxis-backhaus.de\/wordpress\/kosten\/\" >\n\t\t\t\tKosten\t\t\t<\/a>\n\t\t<\/h2>\n\t\t\t\t<div class=\"elementor-post__excerpt\">\n\t\t\t<p>In Zukunft wird systemische Therapie immer h\u00e4ufiger auch \u00fcber die gesetzliche Krankenkasse&nbsp;m\u00f6glich sein. Diese M\u00f6glichkeit befindet sich aber noch in<\/p>\n\t\t<\/div>\n\t\t\n\t\t<a class=\"elementor-post__read-more\" href=\"https:\/\/praxis-backhaus.de\/wordpress\/kosten\/\" aria-label=\"Mehr \u00fcber Kosten\" tabindex=\"-1\" >\n\t\t\tweiterlesen \u00bb\t\t<\/a>\n\n\t\t\t\t<\/div>\n\t\t\t\t<\/article>\n\t\t\t\t<article class=\"elementor-post elementor-grid-item post-33 post type-post status-publish format-standard has-post-thumbnail hentry category-weitere-infos\" role=\"listitem\">\n\t\t\t\t<a class=\"elementor-post__thumbnail__link\" href=\"https:\/\/praxis-backhaus.de\/wordpress\/wer-bin-ich\/\" tabindex=\"-1\" >\n\t\t\t<div class=\"elementor-post__thumbnail\"><img decoding=\"async\" width=\"217\" height=\"300\" src=\"https:\/\/praxis-backhaus.de\/wordpress\/wp-content\/uploads\/2020\/07\/Portraet_backhaus_800-217x300.jpg\" class=\"attachment-medium size-medium wp-image-1687\" alt=\"\" srcset=\"https:\/\/praxis-backhaus.de\/wordpress\/wp-content\/uploads\/2020\/07\/Portraet_backhaus_800-217x300.jpg 217w, https:\/\/praxis-backhaus.de\/wordpress\/wp-content\/uploads\/2020\/07\/Portraet_backhaus_800-741x1024.jpg 741w, https:\/\/praxis-backhaus.de\/wordpress\/wp-content\/uploads\/2020\/07\/Portraet_backhaus_800-768x1061.jpg 768w, https:\/\/praxis-backhaus.de\/wordpress\/wp-content\/uploads\/2020\/07\/Portraet_backhaus_800.jpg 800w\" sizes=\"(max-width: 217px) 100vw, 217px\" \/><\/div>\n\t\t<\/a>\n\t\t\t\t<div class=\"elementor-post__text\">\n\t\t\t\t<h2 class=\"elementor-post__title\">\n\t\t\t<a href=\"https:\/\/praxis-backhaus.de\/wordpress\/wer-bin-ich\/\" >\n\t\t\t\tWer bin ich?\t\t\t<\/a>\n\t\t<\/h2>\n\t\t\t\t<div class=\"elementor-post__excerpt\">\n\t\t\t<p>Mein Name ist Margret Backhaus. Ich arbeite leidenschaftlich gern als Beraterin, Therapeutin, Supervisorin und Lehrende und bin au\u00dferdem Mutter von<\/p>\n\t\t<\/div>\n\t\t\n\t\t<a class=\"elementor-post__read-more\" href=\"https:\/\/praxis-backhaus.de\/wordpress\/wer-bin-ich\/\" aria-label=\"Mehr \u00fcber Wer bin ich?\" tabindex=\"-1\" >\n\t\t\tweiterlesen \u00bb\t\t<\/a>\n\n\t\t\t\t<\/div>\n\t\t\t\t<\/article>\n\t\t\t\t<article class=\"elementor-post elementor-grid-item post-559 post type-post status-publish format-standard has-post-thumbnail hentry category-weitere-infos\" role=\"listitem\">\n\t\t\t\t<a class=\"elementor-post__thumbnail__link\" href=\"https:\/\/praxis-backhaus.de\/wordpress\/tipps-links\/\" tabindex=\"-1\" >\n\t\t\t<div class=\"elementor-post__thumbnail\"><img loading=\"lazy\" decoding=\"async\" width=\"262\" height=\"300\" src=\"https:\/\/praxis-backhaus.de\/wordpress\/wp-content\/uploads\/2021\/03\/water-1525006-262x300.jpg\" class=\"attachment-medium size-medium wp-image-563\" alt=\"\" srcset=\"https:\/\/praxis-backhaus.de\/wordpress\/wp-content\/uploads\/2021\/03\/water-1525006-262x300.jpg 262w, https:\/\/praxis-backhaus.de\/wordpress\/wp-content\/uploads\/2021\/03\/water-1525006-768x880.jpg 768w, https:\/\/praxis-backhaus.de\/wordpress\/wp-content\/uploads\/2021\/03\/water-1525006.jpg 800w\" sizes=\"(max-width: 262px) 100vw, 262px\" \/><\/div>\n\t\t<\/a>\n\t\t\t\t<div class=\"elementor-post__text\">\n\t\t\t\t<h2 class=\"elementor-post__title\">\n\t\t\t<a href=\"https:\/\/praxis-backhaus.de\/wordpress\/tipps-links\/\" >\n\t\t\t\tTipps &#038; Links\t\t\t<\/a>\n\t\t<\/h2>\n\t\t\t\t<div class=\"elementor-post__excerpt\">\n\t\t\t<p>Weiterf\u00fchrende Infos, links\u2026f\u00fcr die Verbesserung von Gesundheit und Lebensfreude\u2026 Hier entsteht eine kleine Sammlung weiterf\u00fchrender Infos, von Seiten, die ich<\/p>\n\t\t<\/div>\n\t\t\n\t\t<a class=\"elementor-post__read-more\" href=\"https:\/\/praxis-backhaus.de\/wordpress\/tipps-links\/\" aria-label=\"Mehr \u00fcber Tipps &#038; Links\" tabindex=\"-1\" >\n\t\t\tweiterlesen \u00bb\t\t<\/a>\n\n\t\t\t\t<\/div>\n\t\t\t\t<\/article>\n\t\t\t\t<\/div>\n\t\t\n\t\t\t\t\t\t<\/div>\n\t\t\t\t<\/div>\n\t\t\t\t\t<\/div>\n\t\t<\/div>\n\t\t\t\t\t<\/div>\n\t\t<\/section>\n\t\t\t\t<\/div>\n\t\t","protected":false},"excerpt":{"rendered":"","protected":false},"author":1,"featured_media":0,"parent":0,"menu_order":5,"comment_status":"closed","ping_status":"closed","template":"","meta":{"footnotes":""},"class_list":["post-1367","page","type-page","status-publish","hentry"],"_links":{"self":[{"href":"https:\/\/praxis-backhaus.de\/wordpress\/wp-json\/wp\/v2\/pages\/1367","targetHints":{"allow":["GET"]}}],"collection":[{"href":"https:\/\/praxis-backhaus.de\/wordpress\/wp-json\/wp\/v2\/pages"}],"about":[{"href":"https:\/\/praxis-backhaus.de\/wordpress\/wp-json\/wp\/v2\/types\/page"}],"author":[{"embeddable":true,"href":"https:\/\/praxis-backhaus.de\/wordpress\/wp-json\/wp\/v2\/users\/1"}],"replies":[{"embeddable":true,"href":"https:\/\/praxis-backhaus.de\/wordpress\/wp-json\/wp\/v2\/comments?post=1367"}],"version-history":[{"count":4,"href":"https:\/\/praxis-backhaus.de\/wordpress\/wp-json\/wp\/v2\/pages\/1367\/revisions"}],"predecessor-version":[{"id":1372,"href":"https:\/\/praxis-backhaus.de\/wordpress\/wp-json\/wp\/v2\/pages\/1367\/revisions\/1372"}],"wp:attachment":[{"href":"https:\/\/praxis-backhaus.de\/wordpress\/wp-json\/wp\/v2\/media?parent=1367"}],"curies":[{"name":"wp","href":"https:\/\/api.w.org\/{rel}","templated":true}]}}